{"id":213,"date":"2020-09-23T09:57:42","date_gmt":"2020-09-23T09:57:42","guid":{"rendered":"http:\/\/localhost\/axacus\/?page_id=213"},"modified":"2021-07-30T17:52:08","modified_gmt":"2021-07-30T15:52:08","slug":"home-2","status":"publish","type":"page","link":"https:\/\/infinitydream.fr\/","title":{"rendered":"Home 2"},"content":{"rendered":"<p>[vc_row tm_bgimagefixed=\u00a0\u00bb\u00a0\u00bb break_in_responsive=\u00a0\u00bb991&Prime; equal_height=\u00a0\u00bbyes\u00a0\u00bb css=\u00a0\u00bb.vc_custom_1611300505968{padding-top: 0px !important;padding-bottom: 0px !important;}\u00a0\u00bb tm_responsive_css=\u00a0\u00bb78406139|colbreak_no|||||||||colbreak_no|||||||||colbreak_no||||||||||colbreak_no|||||||||\u00a0\u00bb][vc_column tm_bgcolor=\u00a0\u00bbgrey\u00a0\u00bb tm_col_bg_expand=\u00a0\u00bbleft\u00a0\u00bb width=\u00a0\u00bb1\/6&Prime; css=\u00a0\u00bb.vc_custom_1627494524995{margin-right: -50px !important;background-color: #dd9933 !important;}\u00a0\u00bb][vc_row_inner css=\u00a0\u00bb.vc_custom_1612778212182{margin-right: -374px !important;margin-left: 0px !important;padding-top: 92px !important;padding-bottom: 91px !important;}\u00a0\u00bb tm_responsive_css=\u00a0\u00bb47946754|colbreak_no|||||||||colbreak_no||-15px||-30px|15px||15px|15px|colbreak_no||||||||||colbreak_no|||||||||\u00a0\u00bb][vc_column_inner]<div class=\"tm-single-image-wrapper imagestyle-five wpb_single_image vc_align_left \"><div class=\"tm-single-image-inner\"><img src=\"https:\/\/infinitydream.fr\/wp-content\/uploads\/2021\/07\/r.png\" class=\"tm-single-image-img\" alt=\"\" \/><\/div><\/div>[\/vc_column_inner][\/vc_row_inner][\/vc_column][vc_column width=\u00a0\u00bb5\/6&Prime; css=\u00a0\u00bb.vc_custom_1612783792241{padding-top: 117px !important;padding-left: 400px !important;}\u00a0\u00bb tm_responsive_css=\u00a0\u00bb61854268|colbreak_no|||||||||colbreak_no|||||45px||20px|15px|colbreak_no||||||||||colbreak_no|||||||||\u00a0\u00bb]<div class=\"tm-element-heading-wrapper tm-heading-inner tm-element-align-left tm-seperator-none tm-heading-style-vertical \"><section class=\"tm-vc_cta3-container\"><div class=\"tm-vc_general tm-vc_cta3 tm-cta3-only tm-vc_cta3-style-classic tm-vc_cta3-shape-rounded tm-vc_cta3-align-left tm-vc_cta3-color-transparent tm-vc_cta3-icon-size-md tm-vc_cta3-actions-no tm-cta3-with-desc\"><div class=\"tm-vc_cta3_content-container\"><div class=\"tm-vc_cta3-content\"><header class=\"tm-vc_cta3-content-header tm-wrap\"><div class=\"tm-vc_cta3-headers tm-wrap-cell\"><h4 class=\"tm-custom-heading \" >INFINITY DREAM<\/h4>\n<h2 class=\"tm-custom-heading \" >Location de Bateaux, Moto, Buggy<\/h2>\n<\/div><div class=\"heading-seperator\"><span><\/span><\/div><\/header><div class=\"tm-cta3-content-wrapper\"><p>Install\u00e9s \u00e0 Vongy, nous mettons \u00e0 disposition de tous (+ 18 ans ), la location \u00e0 la 1\/2 journ\u00e9e ou \u00e0 la journ\u00e9e, deux bateaux (Benetteau et Sea Ray), un Buggy et une moto pour passer d\u2019agr\u00e9ables moments sur le Lac L\u00e9man ou en montagne &#8230;<\/p><\/div><\/div><\/div><\/div><\/section><\/div> <!-- .tm-element-heading-wrapper container --> <ul class=\"tm-list tm-list-style-icon tm-list-icon-color-skincolor tm- tm-icon-skincolor tm-list-textsize- tm-list-icon-library-fontawesome vc_custom_1627494985900\"><li><i class=\"tm-skincolor fa fa-long-arrow-right\"><\/i>  <span class=\"tm-list-li-content\"> MOTO CAN-AM Ryker Rally 900 cm3, 2 places<\/span><\/li><li><i class=\"tm-skincolor fa fa-long-arrow-right\"><\/i>  <span class=\"tm-list-li-content\">BUGGY CAN-AM Maverick Sport 1000 cm3, 4 places<\/span><\/li><li><i class=\"tm-skincolor fa fa-long-arrow-right\"><\/i>  <span class=\"tm-list-li-content\">BATEAU SEA RAY 190 spx, 8 personnes.<\/span><\/li><li><i class=\"tm-skincolor fa fa-long-arrow-right\"><\/i>  <span class=\"tm-list-li-content\">BATEAU BENETEAU Flyer 6,6 200ch, 10 personnes<\/span><\/li><\/ul>[vc_separator css=\u00a0\u00bb.vc_custom_1612777288836{margin-bottom: 0px !important;padding-top: 7px !important;}\u00a0\u00bb][vc_row_inner equal_height=\u00a0\u00bbyes\u00a0\u00bb el_class=\u00a0\u00bbtm-col-seprator\u00a0\u00bb][vc_column_inner width=\u00a0\u00bb5\/12&Prime; css=\u00a0\u00bb.vc_custom_1612777916676{padding-top: 35px !important;}\u00a0\u00bb tm_responsive_css=\u00a0\u00bb73105622|colbreak_no|||||||||colbreak_no||||||15px|||colbreak_no||||||||||colbreak_no|||||||||\u00a0\u00bb]<div class=\"tm-vc_icon_element tm-vc_icon_element-outer tm-vc_icon_element-align-left  tm-vc_icon_element-have-style\"><div class=\"tm-vc_icon_element-inner  tm-vc_icon_element-have-style-inner tm-vc_icon_element-color-white tm-vc_icon_element-size-lg tm-vc_icon_element-style-rounded tm-vc_icon_element-background tm-vc_icon_element-background-color-skincolor\" ><span class=\"tm-vc_icon_element-icon themifyicon ti-pencil-alt\" ><\/span><\/div><\/div><h2 style=\"text-align:left;font-size:24px;line-height:34PX;\" class=\"tm-custom-heading tm-column-inline vc_custom_1627495380971\" >S\u00e9curit\u00e9<\/h2>\n<p style=\"text-align:left;font-size:15px;line-height:25px;\" class=\"tm-custom-heading vc_custom_1627495394088\" >avec assurance<\/p>\n[\/vc_column_inner][vc_column_inner width=\u00a0\u00bb7\/12&Prime; css=\u00a0\u00bb.vc_custom_1613126876367{padding-top: 35px !important;padding-left: 35px !important;}\u00a0\u00bb tm_responsive_css=\u00a0\u00bb21238065|colbreak_no|||||||||colbreak_no|||||15px|||15px|colbreak_no||||||||||colbreak_no|||||||||\u00a0\u00bb]<div class=\"tm-vc_icon_element tm-vc_icon_element-outer tm-vc_icon_element-align-left  tm-vc_icon_element-have-style\"><div class=\"tm-vc_icon_element-inner  tm-vc_icon_element-have-style-inner tm-vc_icon_element-color-white tm-vc_icon_element-size-lg tm-vc_icon_element-style-rounded tm-vc_icon_element-background tm-vc_icon_element-background-color-skincolor\" ><span class=\"tm-vc_icon_element-icon themifyicon ti-medall\" ><\/span><\/div><\/div><h2 style=\"text-align:left;font-size:24px;line-height:34PX;\" class=\"tm-custom-heading tm-column-inline vc_custom_1627495191283\" >Divertissement<\/h2>\n<p style=\"text-align:left;font-size:15px;line-height:25px;\" class=\"tm-custom-heading vc_custom_1627495205660\" >garanti seul ou famille<\/p>\n[\/vc_column_inner][\/vc_row_inner][\/vc_column][\/vc_row][vc_row tm_bgimage_position=\u00a0\u00bbright_bottom\u00a0\u00bb tm_bgimagefixed=\u00a0\u00bb\u00a0\u00bb full_width=\u00a0\u00bbstretch_row\u00a0\u00bb css=\u00a0\u00bb.vc_custom_1611210369451{padding-bottom: 5px !important;background-image: url(https:\/\/themetechmount.com\/wordpress\/axacus\/datasite\/wp-content\/uploads\/sites\/4\/2021\/01\/tm-pattern1.png?id=1156) !important;background-position: center !important;background-repeat: no-repeat !important;background-size: cover !important;}\u00a0\u00bb tm_responsive_css=\u00a0\u00bb73056478|colbreak_no|||||||||colbreak_no|||||45px||||colbreak_no||||||||||colbreak_no|||||||||\u00a0\u00bb][vc_column]<div class=\"themetechmount-boxes themetechmount-boxes-service themetechmount-boxes-view-carousel themetechmount-boxes-col-three themetechmount-boxes-sortable-no themetechmount-boxes-textalign-center tm-cta3-rev-heading tm-boxes-carousel-arrow-round tm-boxes-carousel-arrows-hide\" data-tm-speed=\"1500\" data-tm-autoplay=\"0\" data-tm-autoplayspeed=\"4500\" data-tm-loop=\"1\" data-tm-dots=\"0\" data-tm-nav=\"hide\" data-tm-centermode=\"0\" data-tm-arrowtype=\"round\" data-tm-pauseonfocus=\"1\" data-tm-pauseonhover=\"1\" data-tm-slidestoscroll=\"column\" data-tm-effecttype=\"slide\">\n\t\t<div class=\"themetechmount-boxes-inner themetechmount-boxes-service-inner \"><div class=\"themetechmount-box-heading-wrapper tm-element-align-center\"><div class=\"tm-element-heading-wrapper tm-heading-inner tm-element-align-center tm-seperator-none tm-heading-style-vertical \"><section class=\"tm-vc_cta3-container\"><div class=\"tm-vc_general tm-vc_cta3 tm-cta3-only tm-vc_cta3-style-classic tm-vc_cta3-shape-rounded tm-vc_cta3-align-center tm-vc_cta3-color-transparent tm-vc_cta3-icon-size-md tm-vc_cta3-actions-no tm-cta3-with-desc\"><div class=\"tm-vc_cta3_content-container\"><div class=\"tm-vc_cta3-content\"><header class=\"tm-vc_cta3-content-header tm-wrap\"><div class=\"tm-vc_cta3-headers tm-wrap-cell\"><h4 class=\"tm-custom-heading \" >INFINiTY DREAM<\/h4>\n<h2 class=\"tm-custom-heading \" >Qui souhaitez-Vous Louer ?<\/h2>\n<\/div><div class=\"heading-seperator\"><span><\/span><\/div><\/header><div class=\"tm-cta3-content-wrapper\">\n<p style=\"text-align: center;\">Tous nos v\u00e9hicules et bateaux sont autoris\u00e9s sur la route et sur le Lac.<br \/>\nNos mod\u00e8les demandent des permis obligatoires et n\u00e9cessitent le respect des r\u00e9glementations en vigueur sur route ou lac.<\/p><\/div><\/div><\/div><\/div><\/section><\/div> <!-- .tm-element-heading-wrapper container --> <\/div> <!-- .tm-element-heading-wrapper container --> \n\t\t\t\t\n\t\t\t\t<div class=\"row multi-columns-row themetechmount-boxes-row-wrapper\">\n\t\t\t\t\t<div class=\"tm-box-col-wrapper col-lg-4 col-sm-6 col-md-4 col-xs-12 infinity-dream\"><article class=\"themetechmount-box themetechmount-box-service themetechmount-servicebox-styleone \">\n\t<div class=\"themetechmount-post-item\">\n\t\t<div class=\"themetechmount-top-content tm-shadow-box\">\t\n\t\t\t<div class=\"tm-servicebox-detials\">\n\t\t\t <div class=\"themetechmount-box-category\">INFINITY DREAM<\/div>\t\n\t\t\t  <div class=\"themetechmount-box-title\"><h4><a href=\"https:\/\/infinitydream.fr\/?page_id=2281\">Location de BUGGY<\/a><\/h4><\/div>\t\t\t<\/div>\t\n\t\t\n\t\t    <div class=\"themetechmount-bottom-content\">\n\t\t\n\t\t\t\t<div class=\"tm-featured-wrapper tm-tm_service-featured-wrapper\"><a href=\"https:\/\/infinitydream.fr\/?page_id=2281\"><img width=\"320\" height=\"220\" src=\"https:\/\/infinitydream.fr\/wp-content\/uploads\/2021\/07\/can-am-1-e1627660527400.png\" class=\"attachment-themetechmount-img-600x360 size-themetechmount-img-600x360 wp-post-image\" alt=\"\" loading=\"lazy\" srcset=\"https:\/\/infinitydream.fr\/wp-content\/uploads\/2021\/07\/can-am-1-e1627660527400.png 320w, https:\/\/infinitydream.fr\/wp-content\/uploads\/2021\/07\/can-am-1-e1627660527400-300x206.png 300w\" sizes=\"(max-width: 320px) 100vw, 320px\" data-id=\"2412\" \/><\/a><\/div>\t\t\t\t<div class=\"themetechmount-box-desc\">\n\t\t\t\t\t\t\t\t\t\t\t\t<div class=\"tm-short-desc\">\n\t\t\t\t\t\t\t\tCette location n\u00e9cessite le permis voiture ( Permis B)<br \/>\r\nLocation \u00e0 la journ\u00e9e ou la 1\/2 journ\u00e9e.\t\t\t\t\t\t\t<\/div>\n\t\t\t\t\t\t\t\t\t\t\t\t<div class=\"themetechmount-serviceboxbox-readmore\">\n\t\t\t\t\t<a href=\"https:\/\/infinitydream.fr\/?page_id=2281\">En savoir +<\/a>\t\t\t\t<\/div>\n\t\t\t\t<\/div> \n\t\t\t\t\n\t\t\t<\/diV>\n\t\t<\/div>\t\t\n\t<\/div>\n<\/article><\/div><div class=\"tm-box-col-wrapper col-lg-4 col-sm-6 col-md-4 col-xs-12 infinity-dream\"><article class=\"themetechmount-box themetechmount-box-service themetechmount-servicebox-styleone \">\n\t<div class=\"themetechmount-post-item\">\n\t\t<div class=\"themetechmount-top-content tm-shadow-box\">\t\n\t\t\t<div class=\"tm-servicebox-detials\">\n\t\t\t <div class=\"themetechmount-box-category\">INFINITY DREAM<\/div>\t\n\t\t\t  <div class=\"themetechmount-box-title\"><h4><a href=\"https:\/\/infinitydream.fr\/?page_id=2281\">Location de moto<\/a><\/h4><\/div>\t\t\t<\/div>\t\n\t\t\n\t\t    <div class=\"themetechmount-bottom-content\">\n\t\t\n\t\t\t\t<div class=\"tm-featured-wrapper tm-tm_service-featured-wrapper\"><a href=\"https:\/\/infinitydream.fr\/?page_id=2281\"><img width=\"331\" height=\"219\" src=\"https:\/\/infinitydream.fr\/wp-content\/uploads\/2021\/07\/e-1-e1627496795760.png\" class=\"attachment-themetechmount-img-600x360 size-themetechmount-img-600x360 wp-post-image\" alt=\"\" loading=\"lazy\" srcset=\"https:\/\/infinitydream.fr\/wp-content\/uploads\/2021\/07\/e-1-e1627496795760.png 331w, https:\/\/infinitydream.fr\/wp-content\/uploads\/2021\/07\/e-1-e1627496795760-300x198.png 300w\" sizes=\"(max-width: 331px) 100vw, 331px\" data-id=\"2316\" \/><\/a><\/div>\t\t\t\t<div class=\"themetechmount-box-desc\">\n\t\t\t\t\t\t\t\t\t\t\t\t<div class=\"tm-short-desc\">\n\t\t\t\t\t\t\t\tCette location n\u00e9cessite le permis moto ( ou formation de 7h)<br \/>\r\nLocation \u00e0 la journ\u00e9e ou la 1\/2 journ\u00e9e.\t\t\t\t\t\t\t<\/div>\n\t\t\t\t\t\t\t\t\t\t\t\t<div class=\"themetechmount-serviceboxbox-readmore\">\n\t\t\t\t\t<a href=\"https:\/\/infinitydream.fr\/?page_id=2281\">En savoir +<\/a>\t\t\t\t<\/div>\n\t\t\t\t<\/div> \n\t\t\t\t\n\t\t\t<\/diV>\n\t\t<\/div>\t\t\n\t<\/div>\n<\/article><\/div><div class=\"tm-box-col-wrapper col-lg-4 col-sm-6 col-md-4 col-xs-12 infinity-dream\"><article class=\"themetechmount-box themetechmount-box-service themetechmount-servicebox-styleone \">\n\t<div class=\"themetechmount-post-item\">\n\t\t<div class=\"themetechmount-top-content tm-shadow-box\">\t\n\t\t\t<div class=\"tm-servicebox-detials\">\n\t\t\t <div class=\"themetechmount-box-category\">INFINITY DREAM<\/div>\t\n\t\t\t  <div class=\"themetechmount-box-title\"><h4><a href=\"https:\/\/infinitydream.fr\/?page_id=2283\">Location de bateaux<\/a><\/h4><\/div>\t\t\t<\/div>\t\n\t\t\n\t\t    <div class=\"themetechmount-bottom-content\">\n\t\t\n\t\t\t\t<div class=\"tm-featured-wrapper tm-tm_service-featured-wrapper\"><a href=\"https:\/\/infinitydream.fr\/?page_id=2283\"><img width=\"331\" height=\"220\" src=\"https:\/\/infinitydream.fr\/wp-content\/uploads\/2021\/07\/096997_2020_sea_ray_SPX_Series_SPX_190_OB-1-e1627496836738.jpg\" class=\"attachment-themetechmount-img-600x360 size-themetechmount-img-600x360 wp-post-image\" alt=\"\" loading=\"lazy\" srcset=\"https:\/\/infinitydream.fr\/wp-content\/uploads\/2021\/07\/096997_2020_sea_ray_SPX_Series_SPX_190_OB-1-e1627496836738.jpg 331w, https:\/\/infinitydream.fr\/wp-content\/uploads\/2021\/07\/096997_2020_sea_ray_SPX_Series_SPX_190_OB-1-e1627496836738-300x199.jpg 300w\" sizes=\"(max-width: 331px) 100vw, 331px\" data-id=\"2317\" \/><\/a><\/div>\t\t\t\t<div class=\"themetechmount-box-desc\">\n\t\t\t\t\t\t\t\t\t\t\t\t<div class=\"tm-short-desc\">\n\t\t\t\t\t\t\t\tCette location n\u00e9cessite le permis bateau<br \/>\r\nLocation \u00e0 la journ\u00e9e ou la 1\/2 journ\u00e9e.\t\t\t\t\t\t\t<\/div>\n\t\t\t\t\t\t\t\t\t\t\t\t<div class=\"themetechmount-serviceboxbox-readmore\">\n\t\t\t\t\t<a href=\"https:\/\/infinitydream.fr\/?page_id=2283\">En savoir +<\/a>\t\t\t\t<\/div>\n\t\t\t\t<\/div> \n\t\t\t\t\n\t\t\t<\/diV>\n\t\t<\/div>\t\t\n\t<\/div>\n<\/article><\/div>\n\t\t\t\t<\/div>\n\t\t\t<\/div><!-- .themetechmount-boxes-inner -->   <\/div><!-- .themetechmount-boxes -->  [vc_row_inner css=\u00a0\u00bb.vc_custom_1611208553391{padding-top: 48px !important;padding-bottom: 65px !important;}\u00a0\u00bb tm_responsive_css=\u00a0\u00bb77657759|colbreak_no|||||||||colbreak_no|||||30px||0px||colbreak_no||||||||||colbreak_no|||||||||\u00a0\u00bb][vc_column_inner width=\u00a0\u00bb1\/6&Prime;][\/vc_column_inner][vc_column_inner width=\u00a0\u00bb2\/3&Prime;][vc_column_text css=\u00a0\u00bb.vc_custom_1627496309216{border-top-width: 2px !important;border-right-width: 2px !important;border-bottom-width: 2px !important;border-left-width: 2px !important;padding-top: 10px !important;padding-bottom: 13px !important;border-left-color: #eeeeee !important;border-left-style: dashed !important;border-right-color: #eeeeee !important;border-right-style: dashed !important;border-top-color: #eeeeee !important;border-top-style: dashed !important;border-bottom-color: #eeeeee !important;border-bottom-style: dashed !important;border-radius: 10px !important;}\u00a0\u00bb]<\/p>\n<p style=\"text-align: center; font-size: 18px;\">Laissez-vous tenter par les meilleurs mod\u00e8les de leurs cat\u00e9gories <a class=\"tm-skincolor\" style=\"font-weight: 600;\" href=\"https:\/\/infinitydream.fr\/?page_id=1632\"> LOUEZ !<\/a><\/p>\n<p>[\/vc_column_text][\/vc_column_inner][vc_column_inner width=\u00a0\u00bb1\/6&Prime;][\/vc_column_inner][\/vc_row_inner][\/vc_column][\/vc_row]<\/p>\n","protected":false},"excerpt":{"rendered":"<p>[vc_row tm_bgimagefixed=\u00a0\u00bb\u00a0\u00bb break_in_responsive=\u00a0\u00bb991&Prime; equal_height=\u00a0\u00bbyes\u00a0\u00bb css=\u00a0\u00bb.vc_custom_1611300505968{padding-top: 0px !important;padding-bottom: 0px !important;}\u00a0\u00bb tm_responsive_css=\u00a0\u00bb78406139|colbreak_no|||||||||colbreak_no|||||||||colbreak_no||||||||||colbreak_no|||||||||\u00a0\u00bb][vc_column tm_bgcolor=\u00a0\u00bbgrey\u00a0\u00bb tm_col_bg_expand=\u00a0\u00bbleft\u00a0\u00bb width=\u00a0\u00bb1\/6&Prime; css=\u00a0\u00bb.vc_custom_1627494524995{margin-right: -50px !important;background-color: #dd9933 !important;}\u00a0\u00bb][vc_row_inner css=\u00a0\u00bb.vc_custom_1612778212182{margin-right: -374px !important;margin-left: 0px !important;padding-top: 92px !important;padding-bottom: 91px !important;}\u00a0\u00bb tm_responsive_css=\u00a0\u00bb47946754|colbreak_no|||||||||colbreak_no||-15px||-30px|15px||15px|15px|colbreak_no||||||||||colbreak_no|||||||||\u00a0\u00bb][vc_column_inner][\/vc_column_inner][\/vc_row_inner][\/vc_column][vc_column width=\u00a0\u00bb5\/6&Prime; css=\u00a0\u00bb.vc_custom_1612783792241{padding-top: 117px !important;padding-left: 400px !important;}\u00a0\u00bb tm_responsive_css=\u00a0\u00bb61854268|colbreak_no|||||||||colbreak_no|||||45px||20px|15px|colbreak_no||||||||||colbreak_no|||||||||\u00a0\u00bb][vc_separator css=\u00a0\u00bb.vc_custom_1612777288836{margin-bottom: 0px !important;padding-top: 7px !important;}\u00a0\u00bb][vc_row_inner equal_height=\u00a0\u00bbyes\u00a0\u00bb el_class=\u00a0\u00bbtm-col-seprator\u00a0\u00bb][vc_column_inner width=\u00a0\u00bb5\/12&Prime; css=\u00a0\u00bb.vc_custom_1612777916676{padding-top: 35px !important;}\u00a0\u00bb tm_responsive_css=\u00a0\u00bb73105622|colbreak_no|||||||||colbreak_no||||||15px|||colbreak_no||||||||||colbreak_no|||||||||\u00a0\u00bb][\/vc_column_inner][vc_column_inner width=\u00a0\u00bb7\/12&Prime; css=\u00a0\u00bb.vc_custom_1613126876367{padding-top: 35px !important;padding-left: 35px !important;}\u00a0\u00bb tm_responsive_css=\u00a0\u00bb21238065|colbreak_no|||||||||colbreak_no|||||15px|||15px|colbreak_no||||||||||colbreak_no|||||||||\u00a0\u00bb][\/vc_column_inner][\/vc_row_inner][\/vc_column][\/vc_row][vc_row tm_bgimage_position=\u00a0\u00bbright_bottom\u00a0\u00bb &hellip; <a href=\"https:\/\/infinitydream.fr\/?page_id=2283\" class=\"more-link\">Continue reading <span class=\"screen-reader-text\">Location de bateaux<\/span><\/a><\/p>\n","protected":false},"author":1,"featured_media":0,"parent":0,"menu_order":0,"comment_status":"closed","ping_status":"closed","template":"","meta":{"_links_to":"","_links_to_target":""},"_links":{"self":[{"href":"https:\/\/infinitydream.fr\/index.php?rest_route=\/wp\/v2\/pages\/213"}],"collection":[{"href":"https:\/\/infinitydream.fr\/index.php?rest_route=\/wp\/v2\/pages"}],"about":[{"href":"https:\/\/infinitydream.fr\/index.php?rest_route=\/wp\/v2\/types\/page"}],"author":[{"embeddable":true,"href":"https:\/\/infinitydream.fr\/index.php?rest_route=\/wp\/v2\/users\/1"}],"replies":[{"embeddable":true,"href":"https:\/\/infinitydream.fr\/index.php?rest_route=%2Fwp%2Fv2%2Fcomments&post=213"}],"version-history":[{"count":25,"href":"https:\/\/infinitydream.fr\/index.php?rest_route=\/wp\/v2\/pages\/213\/revisions"}],"predecessor-version":[{"id":2422,"href":"https:\/\/infinitydream.fr\/index.php?rest_route=\/wp\/v2\/pages\/213\/revisions\/2422"}],"wp:attachment":[{"href":"https:\/\/infinitydream.fr\/index.php?rest_route=%2Fwp%2Fv2%2Fmedia&parent=213"}],"curies":[{"name":"wp","href":"https:\/\/api.w.org\/{rel}","templated":true}]}}