{"id":2281,"date":"2021-07-28T19:13:21","date_gmt":"2021-07-28T17:13:21","guid":{"rendered":"https:\/\/infinitydream.fr\/?page_id=2281"},"modified":"2021-07-30T17:42:48","modified_gmt":"2021-07-30T15:42:48","slug":"location-de-moto-buggy","status":"publish","type":"page","link":"https:\/\/infinitydream.fr\/?page_id=2281","title":{"rendered":"Location de moto &#8211; Buggy"},"content":{"rendered":"<p>[vc_row tm_bgimagefixed=\u00a0\u00bb\u00a0\u00bb break_in_responsive=\u00a0\u00bb991&Prime; full_width=\u00a0\u00bbstretch_row\u00a0\u00bb equal_height=\u00a0\u00bbyes\u00a0\u00bb css=\u00a0\u00bb.vc_custom_1613129104091{padding-top: 101px !important;padding-bottom: 101px !important;}\u00a0\u00bb tm_responsive_css=\u00a0\u00bb77604824|colbreak_no|||||||||colbreak_no|||||0||||colbreak_no||||||||||colbreak_no|||||||||\u00a0\u00bb][vc_column width=\u00a0\u00bb1\/2&Prime; css=\u00a0\u00bb.vc_custom_1613129154381{padding-top: 50px !important;padding-right: 40px !important;}\u00a0\u00bb tm_responsive_css=\u00a0\u00bb83619548|colbreak_no|||||||||colbreak_no||||||15px|30px||colbreak_no||||||||||colbreak_no|||||||||\u00a0\u00bb]<div class=\"tm-element-heading-wrapper tm-heading-inner tm-element-align-left tm-seperator-none tm-heading-style-vertical \"><section class=\"tm-vc_cta3-container\"><div class=\"tm-vc_general tm-vc_cta3 tm-cta3-only tm-vc_cta3-style-classic tm-vc_cta3-shape-rounded tm-vc_cta3-align-left tm-vc_cta3-color-transparent tm-vc_cta3-icon-size-md tm-vc_cta3-actions-no tm-cta3-without-desc\"><div class=\"tm-vc_cta3_content-container\"><div class=\"tm-vc_cta3-content\"><header class=\"tm-vc_cta3-content-header tm-wrap\"><div class=\"tm-vc_cta3-headers tm-wrap-cell\"><h4 class=\"tm-custom-heading \" >INFINITY DREAM<\/h4>\n<h2 class=\"tm-custom-heading \" >Moto CanAm Ryker Rally 900cm3<\/h2>\n<\/div><div class=\"heading-seperator\"><span><\/span><\/div><\/header><\/div><\/div><\/div><\/section><\/div> <!-- .tm-element-heading-wrapper container --> [vc_column_text]Can Am, propri\u00e9t\u00e9 du groupe canadien Bombardier (BRP), propose depuis peu (janvier 2019 en France) un dr\u00f4le d\u2019engin \u00e0 trois roues : <strong>le Ryker 900 Rally. <\/strong><\/p>\n<p>A mi-chemin entre auto et moto, il est motoris\u00e9 par un trois cylindres de 900 cc d\u00e9veloppant 77 cv. De quoi en faire un jouet tr\u00e8s fun.<\/p>\n<p>Accessible avec le permis A (moto) et le permis B (auto) plus une formation de 7 heures, le Can-Am Ryker 900 Rally devrait en s\u00e9duire plus d\u2019un.<br \/>\nPeut \u00eatre plus du cot\u00e9 des automobilistes que de celui des motard Enjoy !<\/p>\n<p><strong>2 places, permis B exig\u00e9<\/strong>[\/vc_column_text][vc_row_inner el_class=\u00a0\u00bbtm-column-inline\u00a0\u00bb css=\u00a0\u00bb.vc_custom_1601707746374{padding-top: 11px !important;}\u00a0\u00bb][vc_column_inner]\r\n\t\t<div class=\"tm-vc_btn3-container tm-vc_btn3-inline vc_custom_1627546592713\"><a class=\"tm-vc_general tm-vc_btn3 tm-vc_btn3-size-md tm-vc_btn3-shape-rounded tm-vc_btn3-style-flat tm-vc_btn3-weight-no tm-vc_btn3-color-skincolor\" href=\"https:\/\/infinitydream.fr\/?page_id=1632\" title=\"LOUEZ-LE\">LOUEZ-LE<\/a><\/div>\r\n\t\t<div class=\"tm-vc_btn3-container tm-vc_btn3-inline\"><a class=\"tm-vc_general tm-vc_btn3 tm-vc_btn3-size-md tm-vc_btn3-shape-rounded tm-vc_btn3-style-flat tm-vc_btn3-weight-no tm-vc_btn3-color-grey\" href=\"https:\/\/infinitydream.fr\/?page_id=2283\" title=\"Location de bateaux\">Location de bateaux<\/a><\/div>[\/vc_column_inner][\/vc_row_inner][\/vc_column][vc_column width=\u00a0\u00bb1\/2&Prime; css=\u00a0\u00bb.vc_custom_1627558691996{margin-right: 15px !important;margin-bottom: -40px !important;margin-left: 25px !important;padding-top: 175px !important;padding-left: 375px !important;background-image: url(https:\/\/infinitydream.fr\/wp-content\/uploads\/2021\/07\/can-am-ryker-rallye1.png?id=2382) !important;background-position: center !important;background-repeat: no-repeat !important;background-size: cover !important;}\u00a0\u00bb tm_responsive_css=\u00a0\u00bb75017346|colbreak_no||||||||315px|colbreak_no||||0px|||||colbreak_no|||||||||580px|colbreak_no|||||45px||30px|60px|\u00a0\u00bb][vc_row_inner tm_shadow=\u00a0\u00bbyes\u00a0\u00bb css=\u00a0\u00bb.vc_custom_1613129669068{margin-right: -65px !important;border-radius: 10px !important;}\u00a0\u00bb el_class=\u00a0\u00bbtm-bgcolor-white\u00a0\u00bb tm_responsive_css=\u00a0\u00bb86064474|colbreak_no||0px|||||||colbreak_no||25px|15px||||||colbreak_no||||||||||colbreak_no|||||||||\u00a0\u00bb][vc_column_inner]\n\n<div class=\"tm-fid inside tm-fid-without-icon tm-fid-view-righticon tm-fid-no-border vc_custom_1627558178466\">\n\t<div class=\"tm-fid-left\">\t\n\t\t\t<\/div>\t\n\t<div class=\"tm-fld-contents\">\n\t\t<h4 class=\"tm-fid-inner\">\n\t\t\t\t\t\t<span\n\t\t\t\tdata-appear-animation = \"animateDigits\"\n\t\t\t\tdata-from             = \"0\"\n\t\t\t\tdata-to               = \"180\"\n\t\t\t\tdata-interval         = \"1\"\n\t\t\t\tdata-before           = \"\"\n\t\t\t\tdata-before-style     = \"span\"\n\t\t\t\tdata-after            = \"\u20ac\"\n\t\t\t\tdata-after-style      = \"sub\"\n\t\t\t\t>\n\t\t\t\t\t180\t\t\t<\/span>\n\t\t\t<sub>\u20ac<\/sub>\t\t<\/h4>\n\t\t<h3 class=\"tm-fid-title\"><span>La journ\u00e9e<br><\/span><\/h3>\n\t<\/div><!-- .tm-fld-contents -->\n\t<\/div>\n\n\n\n[\/vc_column_inner][\/vc_row_inner][\/vc_column][\/vc_row][vc_row][vc_column][vc_media_grid element_width=\u00a0\u00bb2&Prime; item=\u00a0\u00bbmediaGrid_SimpleOverlay\u00a0\u00bb grid_id=\u00a0\u00bbvc_gid:1627659670999-c0100767-a604-8&Prime; include=\u00a0\u00bb2382,2383,2384,2385,2386,2387&Prime;][vc_separator border_width=\u00a0\u00bb3&Prime; el_width=\u00a0\u00bb80&Prime;][\/vc_column][\/vc_row][vc_row tm_bgimagefixed=\u00a0\u00bb\u00a0\u00bb break_in_responsive=\u00a0\u00bb991&Prime; full_width=\u00a0\u00bbstretch_row\u00a0\u00bb equal_height=\u00a0\u00bbyes\u00a0\u00bb css=\u00a0\u00bb.vc_custom_1613129104091{padding-top: 101px !important;padding-bottom: 101px !important;}\u00a0\u00bb tm_responsive_css=\u00a0\u00bb77604824|colbreak_no|||||||||colbreak_no|||||0||||colbreak_no||||||||||colbreak_no|||||||||\u00a0\u00bb][vc_column width=\u00a0\u00bb1\/2&Prime; css=\u00a0\u00bb.vc_custom_1613129154381{padding-top: 50px !important;padding-right: 40px !important;}\u00a0\u00bb tm_responsive_css=\u00a0\u00bb83619548|colbreak_no|||||||||colbreak_no||||||15px|30px||colbreak_no||||||||||colbreak_no|||||||||\u00a0\u00bb]<div class=\"tm-element-heading-wrapper tm-heading-inner tm-element-align-left tm-seperator-none tm-heading-style-vertical \"><section class=\"tm-vc_cta3-container\"><div class=\"tm-vc_general tm-vc_cta3 tm-cta3-only tm-vc_cta3-style-classic tm-vc_cta3-shape-rounded tm-vc_cta3-align-left tm-vc_cta3-color-transparent tm-vc_cta3-icon-size-md tm-vc_cta3-actions-no tm-cta3-without-desc\"><div class=\"tm-vc_cta3_content-container\"><div class=\"tm-vc_cta3-content\"><header class=\"tm-vc_cta3-content-header tm-wrap\"><div class=\"tm-vc_cta3-headers tm-wrap-cell\"><h4 class=\"tm-custom-heading \" >INFINITY DREAM<\/h4>\n<h2 class=\"tm-custom-heading \" >Buggy CanAm Maverick Sport 1000cm3<\/h2>\n<\/div><div class=\"heading-seperator\"><span><\/span><\/div><\/header><\/div><\/div><\/div><\/section><\/div> <!-- .tm-element-heading-wrapper container --> [vc_column_text]\u00c0 VOUS L\u2019AVENTURE. Large de 127 cm et pr\u00eat \u00e0 vous emmener aussi loin que vous le souhaitez : d\u00e9couvrez le Can-Am le plus confortable, le plus agile et le plus polyvalent de tous les temps.<\/p>\n<p>AGILE<br \/>\n\u2022 Moteur et bo\u00eete de vitesses robustes<br \/>\n\u2022 Excellente maniabilit\u00e9 et grande polyvalence<br \/>\n\u2022 Suspensions avant et arri\u00e8re con\u00e7ues pour la conduite sur sentiers<\/p>\n<p>TAILL\u00c9 POUR L\u2019AVENTURE<br \/>\n\u2022Fonctionnalit\u00e9s et polyvalence ing\u00e9nieuses<br \/>\n\u2022Confort accru avec l\u2019habitacle Ergo-Lok<br \/>\n\u2022Cr\u00e9ez le Maverick Trail qui vous correspond<\/p>\n<p><strong>4 places, permis B exig\u00e9<\/strong>[\/vc_column_text][vc_row_inner el_class=\u00a0\u00bbtm-column-inline\u00a0\u00bb css=\u00a0\u00bb.vc_custom_1601707746374{padding-top: 11px !important;}\u00a0\u00bb][vc_column_inner]\r\n\t\t<div class=\"tm-vc_btn3-container tm-vc_btn3-inline vc_custom_1627546592713\"><a class=\"tm-vc_general tm-vc_btn3 tm-vc_btn3-size-md tm-vc_btn3-shape-rounded tm-vc_btn3-style-flat tm-vc_btn3-weight-no tm-vc_btn3-color-skincolor\" href=\"https:\/\/infinitydream.fr\/?page_id=1632\" title=\"LOUEZ-LE\">LOUEZ-LE<\/a><\/div>\r\n\t\t<div class=\"tm-vc_btn3-container tm-vc_btn3-inline\"><a class=\"tm-vc_general tm-vc_btn3 tm-vc_btn3-size-md tm-vc_btn3-shape-rounded tm-vc_btn3-style-flat tm-vc_btn3-weight-no tm-vc_btn3-color-grey\" href=\"https:\/\/infinitydream.fr\/?page_id=2281\" title=\"Location moto et Buggy\">Location moto &amp; Buggy<\/a><\/div>[\/vc_column_inner][\/vc_row_inner][\/vc_column][vc_column width=\u00a0\u00bb1\/2&Prime; css=\u00a0\u00bb.vc_custom_1627659560195{margin-right: 15px !important;margin-bottom: -40px !important;margin-left: 25px !important;padding-top: 175px !important;padding-left: 375px !important;background-image: url(https:\/\/infinitydream.fr\/wp-content\/uploads\/2021\/07\/can-am-5.png?id=2416) !important;background-position: center !important;background-repeat: no-repeat !important;background-size: cover !important;}\u00a0\u00bb tm_responsive_css=\u00a0\u00bb75017346|colbreak_no||||||||315px|colbreak_no||||0px|||||colbreak_no|||||||||580px|colbreak_no|||||45px||30px|60px|\u00a0\u00bb][vc_row_inner tm_shadow=\u00a0\u00bbyes\u00a0\u00bb css=\u00a0\u00bb.vc_custom_1613129669068{margin-right: -65px !important;border-radius: 10px !important;}\u00a0\u00bb el_class=\u00a0\u00bbtm-bgcolor-white\u00a0\u00bb tm_responsive_css=\u00a0\u00bb86064474|colbreak_no||0px|||||||colbreak_no||25px|15px||||||colbreak_no||||||||||colbreak_no|||||||||\u00a0\u00bb][vc_column_inner]\n\n<div class=\"tm-fid inside tm-fid-without-icon tm-fid-view-righticon tm-fid-no-border\">\n\t<div class=\"tm-fid-left\">\t\n\t\t\t<\/div>\t\n\t<div class=\"tm-fld-contents\">\n\t\t<h4 class=\"tm-fid-inner\">\n\t\t\t\t\t\t<span\n\t\t\t\tdata-appear-animation = \"animateDigits\"\n\t\t\t\tdata-from             = \"0\"\n\t\t\t\tdata-to               = \"350\"\n\t\t\t\tdata-interval         = \"1\"\n\t\t\t\tdata-before           = \"\"\n\t\t\t\tdata-before-style     = \"span\"\n\t\t\t\tdata-after            = \"\u20ac\"\n\t\t\t\tdata-after-style      = \"sub\"\n\t\t\t\t>\n\t\t\t\t\t350\t\t\t<\/span>\n\t\t\t<sub>\u20ac<\/sub>\t\t<\/h4>\n\t\t<h3 class=\"tm-fid-title\"><span>La journ\u00e9e<br><\/span><\/h3>\n\t<\/div><!-- .tm-fld-contents -->\n\t<\/div>\n\n\n\n[\/vc_column_inner][\/vc_row_inner][\/vc_column][\/vc_row][vc_row][vc_column][vc_media_grid element_width=\u00a0\u00bb2&Prime; item=\u00a0\u00bbmediaGrid_SimpleOverlay\u00a0\u00bb grid_id=\u00a0\u00bbvc_gid:1627659671003-178fcc04-7126-2&Prime; include=\u00a0\u00bb2416,2415,2414,2413,2412,2418&Prime;][\/vc_column][\/vc_row]<\/p>\n","protected":false},"excerpt":{"rendered":"<p>[vc_row tm_bgimagefixed=\u00a0\u00bb\u00a0\u00bb break_in_responsive=\u00a0\u00bb991&Prime; full_width=\u00a0\u00bbstretch_row\u00a0\u00bb equal_height=\u00a0\u00bbyes\u00a0\u00bb css=\u00a0\u00bb.vc_custom_1613129104091{padding-top: 101px !important;padding-bottom: 101px !important;}\u00a0\u00bb tm_responsive_css=\u00a0\u00bb77604824|colbreak_no|||||||||colbreak_no|||||0||||colbreak_no||||||||||colbreak_no|||||||||\u00a0\u00bb][vc_column width=\u00a0\u00bb1\/2&Prime; css=\u00a0\u00bb.vc_custom_1613129154381{padding-top: 50px !important;padding-right: 40px !important;}\u00a0\u00bb tm_responsive_css=\u00a0\u00bb83619548|colbreak_no|||||||||colbreak_no||||||15px|30px||colbreak_no||||||||||colbreak_no|||||||||\u00a0\u00bb][vc_column_text]Can Am, propri\u00e9t\u00e9 du groupe canadien Bombardier (BRP), propose depuis peu (janvier 2019 en France) un dr\u00f4le d\u2019engin \u00e0 trois roues : le Ryker 900 Rally. A mi-chemin entre auto et moto, il est motoris\u00e9 par un trois &hellip; <a href=\"https:\/\/infinitydream.fr\/?page_id=2281\" class=\"more-link\">Continue reading <span class=\"screen-reader-text\">Location de moto &#8211; Buggy<\/span><\/a><\/p>\n","protected":false},"author":1,"featured_media":0,"parent":0,"menu_order":0,"comment_status":"closed","ping_status":"closed","template":"","meta":{"_links_to":"","_links_to_target":""},"_links":{"self":[{"href":"https:\/\/infinitydream.fr\/index.php?rest_route=\/wp\/v2\/pages\/2281"}],"collection":[{"href":"https:\/\/infinitydream.fr\/index.php?rest_route=\/wp\/v2\/pages"}],"about":[{"href":"https:\/\/infinitydream.fr\/index.php?rest_route=\/wp\/v2\/types\/page"}],"author":[{"embeddable":true,"href":"https:\/\/infinitydream.fr\/index.php?rest_route=\/wp\/v2\/users\/1"}],"replies":[{"embeddable":true,"href":"https:\/\/infinitydream.fr\/index.php?rest_route=%2Fwp%2Fv2%2Fcomments&post=2281"}],"version-history":[{"count":15,"href":"https:\/\/infinitydream.fr\/index.php?rest_route=\/wp\/v2\/pages\/2281\/revisions"}],"predecessor-version":[{"id":2419,"href":"https:\/\/infinitydream.fr\/index.php?rest_route=\/wp\/v2\/pages\/2281\/revisions\/2419"}],"wp:attachment":[{"href":"https:\/\/infinitydream.fr\/index.php?rest_route=%2Fwp%2Fv2%2Fmedia&parent=2281"}],"curies":[{"name":"wp","href":"https:\/\/api.w.org\/{rel}","templated":true}]}}